{"id":2684,"date":"2024-07-24T16:46:48","date_gmt":"2024-07-24T14:46:48","guid":{"rendered":"https:\/\/wschmnbfbv.cfolks.pl\/politica-de-privacidad\/"},"modified":"2025-02-27T11:47:55","modified_gmt":"2025-02-27T10:47:55","slug":"politica-de-privacidad","status":"publish","type":"page","link":"https:\/\/skydivingsymposium.eu\/es\/politica-de-privacidad\/","title":{"rendered":"Pol\u00edtica de privacidad"},"content":{"rendered":"\t\t<div data-elementor-type=\"wp-page\" data-elementor-id=\"2684\" class=\"elementor elementor-2684 elementor-3\" data-elementor-post-type=\"page\">\n\t\t\t\t<div class=\"elementor-element elementor-element-6a35e85e elementor-repeater-item-ang_container_padding_1 e-flex e-con-boxed elementor-repeater-item-none elementor-repeater-item-none_hover e-con e-parent\" data-id=\"6a35e85e\" data-element_type=\"container\" data-settings=\"{&quot;ang_container_spacing_size&quot;:&quot;ang_container_padding_1&quot;}\">\n\t\t\t\t\t<div class=\"e-con-inner\">\n\t\t\t\t<div class=\"elementor-element elementor-element-569ce745 elementor-repeater-item-none elementor-repeater-item-none_hover elementor-widget elementor-widget-text-editor\" data-id=\"569ce745\" data-element_type=\"widget\" data-widget_type=\"text-editor.default\">\n\t\t\t\t<div class=\"elementor-widget-container\">\n\t\t\t\t\t\t\t\t\t\n<h2 class=\"wp-block-heading\"><\/h2>\n<h1>Pol\u00edtica de privacidad<\/h1>\n<h2 class=\"wp-block-heading\">Qui\u00e9nes somos<\/h2>\n<h2 class=\"wp-block-heading\"> <\/h2>\n<p><strong class=\"privacy-policy-tutorial\">Texto sugerido: <\/strong>La direcci\u00f3n de nuestro sitio web es: https:\/\/skydivingsymposium.eu.<\/p>\n<h2 class=\"wp-block-heading\"> <\/h2>\n<h2 class=\"wp-block-heading\">Comentarios<\/h2>\n<h2 class=\"wp-block-heading\"> <\/h2>\n<p><strong class=\"privacy-policy-tutorial\">Texto sugerido: <\/strong>Cuando un visitante del sitio deja un comentario, recogemos los datos visibles en el formulario de comentarios, as\u00ed como la direcci\u00f3n IP del visitante y la firma del navegador como ayuda para la detecci\u00f3n de spam.<\/p>\n<h2 class=\"wp-block-heading\"> <\/h2>\n<p>Se puede enviar una cadena anonimizada creada a partir de tu direcci\u00f3n de correo electr\u00f3nico (tambi\u00e9n conocida como hash) al servicio Gravatar para verificar que se est\u00e1 utilizando. La pol\u00edtica de privacidad del servicio Gravatar est\u00e1 disponible en https:\/\/automattic.com\/privacy\/. Una vez aprobado tu comentario, tu foto de perfil ser\u00e1 visible p\u00fablicamente en el contexto de tu comentario. <\/p>\n<h2 class=\"wp-block-heading\"> <\/h2>\n<h2 class=\"wp-block-heading\">Medios de comunicaci\u00f3n<\/h2>\n<h2 class=\"wp-block-heading\"> <\/h2>\n<p><strong class=\"privacy-policy-tutorial\">Texto sugerido: <\/strong>Si eres un usuario registrado y subes im\u00e1genes al sitio, debes evitar subir im\u00e1genes con etiquetas de localizaci\u00f3n EXIF. Los visitantes del sitio pueden descargar y leer los datos de localizaci\u00f3n completos de las im\u00e1genes del sitio. <\/p>\n<h2 class=\"wp-block-heading\"> <\/h2>\n<h2 class=\"wp-block-heading\">Cookies<\/h2>\n<h2 class=\"wp-block-heading\"> <\/h2>\n<p><strong class=\"privacy-policy-tutorial\">Texto sugerido: <\/strong>Si comentas en un sitio, podr\u00e1s elegir guardar tu nombre, direcci\u00f3n de correo electr\u00f3nico y sitio web en cookies, de modo que cuando escribas m\u00e1s comentarios la informaci\u00f3n anterior ya est\u00e9 convenientemente completada. Las cookies caducan al cabo de un a\u00f1o. <\/p>\n<h2 class=\"wp-block-heading\"> <\/h2>\n<p>Si visitas la p\u00e1gina de inicio de sesi\u00f3n, crearemos una cookie temporal para comprobar que tu navegador acepta cookies. No contiene ning\u00fan dato personal y se borrar\u00e1 al cerrar el navegador. <\/p>\n<h2 class=\"wp-block-heading\"> <\/h2>\n<p>Cuando inicias sesi\u00f3n, creamos adem\u00e1s varias cookies necesarias para guardar tu informaci\u00f3n de inicio de sesi\u00f3n y las opciones de pantalla seleccionadas. Las cookies de inicio de sesi\u00f3n caducan a los dos d\u00edas y las opciones de pantalla al a\u00f1o. Si marcas la opci\u00f3n \u00abRecordarme\u00bb, tu inicio de sesi\u00f3n caducar\u00e1 a las dos semanas. Si cierras la sesi\u00f3n de tu cuenta, se borrar\u00e1n las cookies de inicio de sesi\u00f3n.   <\/p>\n<h2 class=\"wp-block-heading\"> <\/h2>\n<p>Si modificas o publicas un art\u00edculo, se almacena una cookie adicional en tu navegador. Esta cookie no contiene ning\u00fan dato personal, simplemente se\u00f1ala el ID del art\u00edculo que acabas de editar. Caduca al cabo de 1 d\u00eda.  <\/p>\n<h2 class=\"wp-block-heading\"> <\/h2>\n<h2 class=\"wp-block-heading\">Incrustar contenido de otros sitios<\/h2>\n<h2 class=\"wp-block-heading\"> <\/h2>\n<p><strong class=\"privacy-policy-tutorial\">Texto sugerido: <\/strong>Los art\u00edculos de este sitio pueden contener contenido incrustado (por ejemplo, v\u00eddeos, im\u00e1genes, art\u00edculos, etc.). El contenido incrustado de otros sitios se comporta de forma an\u00e1loga a como un usuario habr\u00eda visitado directamente un sitio espec\u00edfico. <\/p>\n<h2 class=\"wp-block-heading\"> <\/h2>\n<p>Los sitios pueden recopilar informaci\u00f3n sobre ti, utilizar cookies, adjuntar sistemas de seguimiento adicionales de terceros y controlar tus interacciones con el material incrustado, incluido el seguimiento de tus interacciones con el material incrustado si tienes una cuenta y has iniciado sesi\u00f3n en ese sitio.<\/p>\n<h2 class=\"wp-block-heading\"> <\/h2>\n<h2 class=\"wp-block-heading\">Con qui\u00e9n compartimos los datos<\/h2>\n<h2 class=\"wp-block-heading\"> <\/h2>\n<p><strong class=\"privacy-policy-tutorial\">Texto sugerido: <\/strong>Si solicitas un restablecimiento de contrase\u00f1a, se incluir\u00e1 tu direcci\u00f3n IP en el mensaje enviado.<\/p>\n<h2 class=\"wp-block-heading\"> <\/h2>\n<h2 class=\"wp-block-heading\">Cu\u00e1nto tiempo conservamos tus datos<\/h2>\n<h2 class=\"wp-block-heading\"> <\/h2>\n<p><strong class=\"privacy-policy-tutorial\">Texto sugerido: <\/strong>Si dejas un comentario, su contenido y metadatos se almacenar\u00e1n indefinidamente. De este modo, podremos reconocer y aprobar autom\u00e1ticamente los comentarios posteriores, sin enviarlos cada vez a moderaci\u00f3n. <\/p>\n<h2 class=\"wp-block-heading\"> <\/h2>\n<p>Para los usuarios que se hayan registrado en nuestro sitio web (si los hay), tambi\u00e9n almacenamos la informaci\u00f3n personal introducida en el perfil. Cualquier usuario puede revisar, corregir o eliminar su informaci\u00f3n personal en cualquier momento (excepto su nombre de usuario, que no se puede cambiar). Los administradores del sitio tambi\u00e9n pueden ver y modificar esta informaci\u00f3n.  <\/p>\n<h2 class=\"wp-block-heading\"> <\/h2>\n<h2 class=\"wp-block-heading\">\u00bfQu\u00e9 derechos tienes sobre tus datos?<\/h2>\n<h2 class=\"wp-block-heading\"> <\/h2>\n<p><strong class=\"privacy-policy-tutorial\">Texto sugerido: <\/strong>Si tienes una cuenta de usuario o has a\u00f1adido comentarios en este sitio, puedes solicitar un archivo con un conjunto exportado de tus datos personales que obren en nuestro poder, incluidos todos los que nos hayas proporcionado. Tambi\u00e9n puedes solicitar que eliminemos todos los datos personales que obren en nuestro poder. Esto no se aplica a los datos que estemos obligados a conservar por motivos administrativos, legales o de seguridad.  <\/p>\n<h2 class=\"wp-block-heading\"> <\/h2>\n<h2 class=\"wp-block-heading\">D\u00f3nde enviamos tus datos<\/h2>\n<h2 class=\"wp-block-heading\"> <\/h2>\n<p><strong class=\"privacy-policy-tutorial\">Texto sugerido: <\/strong>Los comentarios de los invitados pueden ser comprobados por un servicio automatizado de detecci\u00f3n de spam.<\/p>\n<h2 class=\"wp-block-heading\"> <\/h2>\n<p> <\/p>\n<h2 class=\"wp-block-heading\"><\/h2>\t\t\t\t\t\t\t\t<\/div>\n\t\t\t\t<\/div>\n\t\t\t\t\t<\/div>\n\t\t\t\t<\/div>\n\t\t\t\t<\/div>\n\t\t","protected":false},"excerpt":{"rendered":"<p>Pol\u00edtica de privacidad Qui\u00e9nes somos Texto sugerido: La direcci\u00f3n de nuestro sitio web es: https:\/\/skydivingsymposium.eu. Comentarios Texto sugerido: Cuando un visitante del sitio deja un comentario, recogemos los datos visibles en el formulario de comentarios, as\u00ed como la direcci\u00f3n IP del visitante y la firma del navegador como ayuda para la detecci\u00f3n de spam. Se [&hellip;]<\/p>\n","protected":false},"author":1,"featured_media":0,"parent":0,"menu_order":999,"comment_status":"closed","ping_status":"closed","template":"","meta":{"_acf_changed":false,"_monsterinsights_skip_tracking":false,"_monsterinsights_sitenote_active":false,"_monsterinsights_sitenote_note":"","_monsterinsights_sitenote_category":0,"footnotes":""},"class_list":["post-2684","page","type-page","status-publish","hentry"],"acf":[],"yoast_head":"<!-- This site is optimized with the Yoast SEO plugin v26.6 - https:\/\/yoast.com\/wordpress\/plugins\/seo\/ -->\n<title>Pol\u00edtica de privacidad - European Skydiving Symposium<\/title>\n<meta name=\"robots\" content=\"index, follow, max-snippet:-1, max-image-preview:large, max-video-preview:-1\" \/>\n<link rel=\"canonical\" href=\"https:\/\/skydivingsymposium.eu\/es\/politica-de-privacidad\/\" \/>\n<meta property=\"og:locale\" content=\"es_ES\" \/>\n<meta property=\"og:type\" content=\"article\" \/>\n<meta property=\"og:title\" content=\"Pol\u00edtica de privacidad - European Skydiving Symposium\" \/>\n<meta property=\"og:description\" content=\"Pol\u00edtica de privacidad Qui\u00e9nes somos Texto sugerido: La direcci\u00f3n de nuestro sitio web es: https:\/\/skydivingsymposium.eu. Comentarios Texto sugerido: Cuando un visitante del sitio deja un comentario, recogemos los datos visibles en el formulario de comentarios, as\u00ed como la direcci\u00f3n IP del visitante y la firma del navegador como ayuda para la detecci\u00f3n de spam. Se [&hellip;]\" \/>\n<meta property=\"og:url\" content=\"https:\/\/skydivingsymposium.eu\/es\/politica-de-privacidad\/\" \/>\n<meta property=\"og:site_name\" content=\"European Skydiving Symposium\" \/>\n<meta property=\"article:publisher\" content=\"https:\/\/www.facebook.com\/skydivingsymposium\/\" \/>\n<meta property=\"article:modified_time\" content=\"2025-02-27T10:47:55+00:00\" \/>\n<meta name=\"twitter:card\" content=\"summary_large_image\" \/>\n<meta name=\"twitter:label1\" content=\"Tiempo de lectura\" \/>\n\t<meta name=\"twitter:data1\" content=\"4 minutos\" \/>\n<script type=\"application\/ld+json\" class=\"yoast-schema-graph\">{\"@context\":\"https:\/\/schema.org\",\"@graph\":[{\"@type\":\"WebPage\",\"@id\":\"https:\/\/skydivingsymposium.eu\/es\/politica-de-privacidad\/\",\"url\":\"https:\/\/skydivingsymposium.eu\/es\/politica-de-privacidad\/\",\"name\":\"Pol\u00edtica de privacidad - European Skydiving Symposium\",\"isPartOf\":{\"@id\":\"https:\/\/skydivingsymposium.eu\/es\/#website\"},\"datePublished\":\"2024-07-24T14:46:48+00:00\",\"dateModified\":\"2025-02-27T10:47:55+00:00\",\"breadcrumb\":{\"@id\":\"https:\/\/skydivingsymposium.eu\/es\/politica-de-privacidad\/#breadcrumb\"},\"inLanguage\":\"es\",\"potentialAction\":[{\"@type\":\"ReadAction\",\"target\":[\"https:\/\/skydivingsymposium.eu\/es\/politica-de-privacidad\/\"]}]},{\"@type\":\"BreadcrumbList\",\"@id\":\"https:\/\/skydivingsymposium.eu\/es\/politica-de-privacidad\/#breadcrumb\",\"itemListElement\":[{\"@type\":\"ListItem\",\"position\":1,\"name\":\"Home\",\"item\":\"https:\/\/skydivingsymposium.eu\/es\/\"},{\"@type\":\"ListItem\",\"position\":2,\"name\":\"Pol\u00edtica de privacidad\"}]},{\"@type\":\"WebSite\",\"@id\":\"https:\/\/skydivingsymposium.eu\/es\/#website\",\"url\":\"https:\/\/skydivingsymposium.eu\/es\/\",\"name\":\"European Skydiving Symposium\",\"description\":\"February 2026 - Sevilla, Spain\",\"publisher\":{\"@id\":\"https:\/\/skydivingsymposium.eu\/es\/#organization\"},\"potentialAction\":[{\"@type\":\"SearchAction\",\"target\":{\"@type\":\"EntryPoint\",\"urlTemplate\":\"https:\/\/skydivingsymposium.eu\/es\/?s={search_term_string}\"},\"query-input\":{\"@type\":\"PropertyValueSpecification\",\"valueRequired\":true,\"valueName\":\"search_term_string\"}}],\"inLanguage\":\"es\"},{\"@type\":\"Organization\",\"@id\":\"https:\/\/skydivingsymposium.eu\/es\/#organization\",\"name\":\"European Skydiving Symposium\",\"url\":\"https:\/\/skydivingsymposium.eu\/es\/\",\"logo\":{\"@type\":\"ImageObject\",\"inLanguage\":\"es\",\"@id\":\"https:\/\/skydivingsymposium.eu\/es\/#\/schema\/logo\/image\/\",\"url\":\"https:\/\/skydivingsymposium.eu\/wp-content\/uploads\/2024\/07\/ess-logo-flag-en.svg\",\"contentUrl\":\"https:\/\/skydivingsymposium.eu\/wp-content\/uploads\/2024\/07\/ess-logo-flag-en.svg\",\"width\":741,\"height\":382,\"caption\":\"European Skydiving Symposium\"},\"image\":{\"@id\":\"https:\/\/skydivingsymposium.eu\/es\/#\/schema\/logo\/image\/\"},\"sameAs\":[\"https:\/\/www.facebook.com\/skydivingsymposium\/\",\"https:\/\/www.instagram.com\/skydivingsymposium\/\"]}]}<\/script>\n<!-- \/ Yoast SEO plugin. -->","yoast_head_json":{"title":"Pol\u00edtica de privacidad - European Skydiving Symposium","robots":{"index":"index","follow":"follow","max-snippet":"max-snippet:-1","max-image-preview":"max-image-preview:large","max-video-preview":"max-video-preview:-1"},"canonical":"https:\/\/skydivingsymposium.eu\/es\/politica-de-privacidad\/","og_locale":"es_ES","og_type":"article","og_title":"Pol\u00edtica de privacidad - European Skydiving Symposium","og_description":"Pol\u00edtica de privacidad Qui\u00e9nes somos Texto sugerido: La direcci\u00f3n de nuestro sitio web es: https:\/\/skydivingsymposium.eu. Comentarios Texto sugerido: Cuando un visitante del sitio deja un comentario, recogemos los datos visibles en el formulario de comentarios, as\u00ed como la direcci\u00f3n IP del visitante y la firma del navegador como ayuda para la detecci\u00f3n de spam. Se [&hellip;]","og_url":"https:\/\/skydivingsymposium.eu\/es\/politica-de-privacidad\/","og_site_name":"European Skydiving Symposium","article_publisher":"https:\/\/www.facebook.com\/skydivingsymposium\/","article_modified_time":"2025-02-27T10:47:55+00:00","twitter_card":"summary_large_image","twitter_misc":{"Tiempo de lectura":"4 minutos"},"schema":{"@context":"https:\/\/schema.org","@graph":[{"@type":"WebPage","@id":"https:\/\/skydivingsymposium.eu\/es\/politica-de-privacidad\/","url":"https:\/\/skydivingsymposium.eu\/es\/politica-de-privacidad\/","name":"Pol\u00edtica de privacidad - European Skydiving Symposium","isPartOf":{"@id":"https:\/\/skydivingsymposium.eu\/es\/#website"},"datePublished":"2024-07-24T14:46:48+00:00","dateModified":"2025-02-27T10:47:55+00:00","breadcrumb":{"@id":"https:\/\/skydivingsymposium.eu\/es\/politica-de-privacidad\/#breadcrumb"},"inLanguage":"es","potentialAction":[{"@type":"ReadAction","target":["https:\/\/skydivingsymposium.eu\/es\/politica-de-privacidad\/"]}]},{"@type":"BreadcrumbList","@id":"https:\/\/skydivingsymposium.eu\/es\/politica-de-privacidad\/#breadcrumb","itemListElement":[{"@type":"ListItem","position":1,"name":"Home","item":"https:\/\/skydivingsymposium.eu\/es\/"},{"@type":"ListItem","position":2,"name":"Pol\u00edtica de privacidad"}]},{"@type":"WebSite","@id":"https:\/\/skydivingsymposium.eu\/es\/#website","url":"https:\/\/skydivingsymposium.eu\/es\/","name":"European Skydiving Symposium","description":"February 2026 - Sevilla, Spain","publisher":{"@id":"https:\/\/skydivingsymposium.eu\/es\/#organization"},"potentialAction":[{"@type":"SearchAction","target":{"@type":"EntryPoint","urlTemplate":"https:\/\/skydivingsymposium.eu\/es\/?s={search_term_string}"},"query-input":{"@type":"PropertyValueSpecification","valueRequired":true,"valueName":"search_term_string"}}],"inLanguage":"es"},{"@type":"Organization","@id":"https:\/\/skydivingsymposium.eu\/es\/#organization","name":"European Skydiving Symposium","url":"https:\/\/skydivingsymposium.eu\/es\/","logo":{"@type":"ImageObject","inLanguage":"es","@id":"https:\/\/skydivingsymposium.eu\/es\/#\/schema\/logo\/image\/","url":"https:\/\/skydivingsymposium.eu\/wp-content\/uploads\/2024\/07\/ess-logo-flag-en.svg","contentUrl":"https:\/\/skydivingsymposium.eu\/wp-content\/uploads\/2024\/07\/ess-logo-flag-en.svg","width":741,"height":382,"caption":"European Skydiving Symposium"},"image":{"@id":"https:\/\/skydivingsymposium.eu\/es\/#\/schema\/logo\/image\/"},"sameAs":["https:\/\/www.facebook.com\/skydivingsymposium\/","https:\/\/www.instagram.com\/skydivingsymposium\/"]}]}},"_links":{"self":[{"href":"https:\/\/skydivingsymposium.eu\/es\/wp-json\/wp\/v2\/pages\/2684","targetHints":{"allow":["GET"]}}],"collection":[{"href":"https:\/\/skydivingsymposium.eu\/es\/wp-json\/wp\/v2\/pages"}],"about":[{"href":"https:\/\/skydivingsymposium.eu\/es\/wp-json\/wp\/v2\/types\/page"}],"author":[{"embeddable":true,"href":"https:\/\/skydivingsymposium.eu\/es\/wp-json\/wp\/v2\/users\/1"}],"replies":[{"embeddable":true,"href":"https:\/\/skydivingsymposium.eu\/es\/wp-json\/wp\/v2\/comments?post=2684"}],"version-history":[{"count":0,"href":"https:\/\/skydivingsymposium.eu\/es\/wp-json\/wp\/v2\/pages\/2684\/revisions"}],"wp:attachment":[{"href":"https:\/\/skydivingsymposium.eu\/es\/wp-json\/wp\/v2\/media?parent=2684"}],"curies":[{"name":"wp","href":"https:\/\/api.w.org\/{rel}","templated":true}]}}